{"id":309,"date":"2025-02-14T01:42:38","date_gmt":"2025-02-14T01:42:38","guid":{"rendered":"https:\/\/fuxiononline.com.co\/?post_type=product&#038;p=309"},"modified":"2025-02-14T01:48:50","modified_gmt":"2025-02-14T01:48:50","slug":"liquidfiber","status":"publish","type":"product","link":"https:\/\/fuxiononline.com.co\/index.php\/producto\/liquidfiber\/","title":{"rendered":"LIQUIDFIBER"},"content":{"rendered":"<p><strong>La puntualidad es una virtud de tu sistema digestivo<\/strong><\/p>\n<p>FIBRASPREBI\u00d3TICAS (INULINA Y OLIGOFRUCTOSA) + VITAMINAS + MINERALES<\/p>\n<p><strong>SABOR<\/strong>\u00a0<strong>Lim\u00f3n<\/strong><\/p>\n<ul>\n<li>Garantiza la correcta depuraci\u00f3n intestinal y el adecuado ritmo de evacuaciones durante el d\u00eda.<\/li>\n<li>La fibra soluble disminuye y hace m\u00e1s lenta la absorci\u00f3n del az\u00facar y las grasas en el organismo, mejora la asimilaci\u00f3n de calcio.<\/li>\n<li>Recomendable para personas con dieta irregular o con dieta no balanceada,<\/li>\n<li>Personas con estre\u00f1imiento.<\/li>\n<\/ul>\n","protected":false},"excerpt":{"rendered":"<p>La puntualidad es una virtud de tu sistema digestivo FIBRASPREBI\u00d3TICAS (INULINA Y OLIGOFRUCTOSA) + VITAMINAS + MINERALES SABOR\u00a0Lim\u00f3n Garantiza la [&hellip;]<\/p>\n","protected":false},"featured_media":207,"comment_status":"open","ping_status":"closed","template":"","meta":{"site-sidebar-layout":"default","site-content-layout":"","ast-site-content-layout":"default","site-content-style":"default","site-sidebar-style":"default","ast-global-header-display":"","ast-banner-title-visibility":"","ast-main-header-display":"","ast-hfb-above-header-display":"","ast-hfb-below-header-display":"","ast-hfb-mobile-header-display":"","site-post-title":"","ast-breadcrumbs-content":"","ast-featured-img":"","footer-sml-layout":"","theme-transparent-header-meta":"default","adv-header-id-meta":"","stick-header-meta":"","header-above-stick-meta":"","header-main-stick-meta":"","header-below-stick-meta":"","astra-migrate-meta-layouts":"set","ast-page-background-enabled":"default","ast-page-background-meta":{"desktop":{"background-color":"var(--ast-global-color-5)","background-image":"","background-repeat":"repeat","background-position":"center center","background-size":"auto","background-attachment":"scroll","background-type":"","background-media":"","overlay-type":"","overlay-color":"","overlay-opacity":"","overlay-gradient":""},"tablet":{"background-color":"","background-image":"","background-repeat":"repeat","background-position":"center center","background-size":"auto","background-attachment":"scroll","background-type":"","background-media":"","overlay-type":"","overlay-color":"","overlay-opacity":"","overlay-gradient":""},"mobile":{"background-color":"","background-image":"","background-repeat":"repeat","background-position":"center center","background-size":"auto","background-attachment":"scroll","background-type":"","background-media":"","overlay-type":"","overlay-color":"","overlay-opacity":"","overlay-gradient":""}},"ast-content-background-meta":{"desktop":{"background-color":"var(--ast-global-color-4)","background-image":"","background-repeat":"repeat","background-position":"center center","background-size":"auto","background-attachment":"scroll","background-type":"","background-media":"","overlay-type":"","overlay-color":"","overlay-opacity":"","overlay-gradient":""},"tablet":{"background-color":"var(--ast-global-color-4)","background-image":"","background-repeat":"repeat","background-position":"center center","background-size":"auto","background-attachment":"scroll","background-type":"","background-media":"","overlay-type":"","overlay-color":"","overlay-opacity":"","overlay-gradient":""},"mobile":{"background-color":"var(--ast-global-color-4)","background-image":"","background-repeat":"repeat","background-position":"center center","background-size":"auto","background-attachment":"scroll","background-type":"","background-media":"","overlay-type":"","overlay-color":"","overlay-opacity":"","overlay-gradient":""}},"_joinchat":[]},"product_brand":[],"product_cat":[27],"product_tag":[],"class_list":{"0":"post-309","1":"product","2":"type-product","3":"status-publish","4":"has-post-thumbnail","6":"product_cat-bebidas","7":"desktop-align-left","8":"tablet-align-left","9":"mobile-align-left","11":"first","12":"instock","13":"taxable","14":"shipping-taxable","15":"purchasable","16":"product-type-variable"},"_links":{"self":[{"href":"https:\/\/fuxiononline.com.co\/index.php\/wp-json\/wp\/v2\/product\/309","targetHints":{"allow":["GET"]}}],"collection":[{"href":"https:\/\/fuxiononline.com.co\/index.php\/wp-json\/wp\/v2\/product"}],"about":[{"href":"https:\/\/fuxiononline.com.co\/index.php\/wp-json\/wp\/v2\/types\/product"}],"replies":[{"embeddable":true,"href":"https:\/\/fuxiononline.com.co\/index.php\/wp-json\/wp\/v2\/comments?post=309"}],"wp:featuredmedia":[{"embeddable":true,"href":"https:\/\/fuxiononline.com.co\/index.php\/wp-json\/wp\/v2\/media\/207"}],"wp:attachment":[{"href":"https:\/\/fuxiononline.com.co\/index.php\/wp-json\/wp\/v2\/media?parent=309"}],"wp:term":[{"taxonomy":"product_brand","embeddable":true,"href":"https:\/\/fuxiononline.com.co\/index.php\/wp-json\/wp\/v2\/product_brand?post=309"},{"taxonomy":"product_cat","embeddable":true,"href":"https:\/\/fuxiononline.com.co\/index.php\/wp-json\/wp\/v2\/product_cat?post=309"},{"taxonomy":"product_tag","embeddable":true,"href":"https:\/\/fuxiononline.com.co\/index.php\/wp-json\/wp\/v2\/product_tag?post=309"}],"curies":[{"name":"wp","href":"https:\/\/api.w.org\/{rel}","templated":true}]}}