{"id":312,"date":"2025-02-14T01:46:10","date_gmt":"2025-02-14T01:46:10","guid":{"rendered":"https:\/\/fuxiononline.com.co\/?post_type=product&#038;p=312"},"modified":"2025-02-14T01:48:11","modified_gmt":"2025-02-14T01:48:11","slug":"berry-balance","status":"publish","type":"product","link":"https:\/\/fuxiononline.com.co\/index.php\/producto\/berry-balance\/","title":{"rendered":"BERRY BALANCE"},"content":{"rendered":"<p>Protege tu organismo y mantenlo en perfecto equilibrio<\/p>\n<p>EXTRACTOSDE AR\u00c1NDANOS CRANBERRY + BLUEBERRY+ CAMUCAMU + INFUSI\u00d3N DE C\u00c1SCARADE PI\u00d1A + BACTERIASPROBI\u00d3TICAS+ ANTIOXIDANTES<\/p>\n<p><strong>SABOR Frutos Rojos<\/strong><\/p>\n<ul>\n<li>Ayuda a conservar la salud del sistema urinario manteniendo el equilibrio del pH y favoreciendo la eliminaci\u00f3n de l\u00edquidos(diuresis).<\/li>\n<li>Ayuda a prevenir la aterosclerosis (acumulaci\u00f3n de\u00a0grasas en las arterias).<\/li>\n<li>Evita que bacterias peligrosas se adhieran a las paredes de la vejiga. Previene infecciones urinarias y vaginales.<\/li>\n<li>Previene la acumulaci\u00f3n de l\u00edquidos en la<\/li>\n<li>Vejiga, ayuda en caso de c\u00e1lculos renales.<\/li>\n<li>Previene infecciones vaginales en la mujer, por su aporte de bacterias probi\u00f3ticas.<\/li>\n<\/ul>\n","protected":false},"excerpt":{"rendered":"<p>Protege tu organismo y mantenlo en perfecto equilibrio EXTRACTOSDE AR\u00c1NDANOS CRANBERRY + BLUEBERRY+ CAMUCAMU + INFUSI\u00d3N DE C\u00c1SCARADE PI\u00d1A + [&hellip;]<\/p>\n","protected":false},"featured_media":208,"comment_status":"open","ping_status":"closed","template":"","meta":{"site-sidebar-layout":"default","site-content-layout":"","ast-site-content-layout":"default","site-content-style":"default","site-sidebar-style":"default","ast-global-header-display":"","ast-banner-title-visibility":"","ast-main-header-display":"","ast-hfb-above-header-display":"","ast-hfb-below-header-display":"","ast-hfb-mobile-header-display":"","site-post-title":"","ast-breadcrumbs-content":"","ast-featured-img":"","footer-sml-layout":"","theme-transparent-header-meta":"default","adv-header-id-meta":"","stick-header-meta":"","header-above-stick-meta":"","header-main-stick-meta":"","header-below-stick-meta":"","astra-migrate-meta-layouts":"set","ast-page-background-enabled":"default","ast-page-background-meta":{"desktop":{"background-color":"var(--ast-global-color-5)","background-image":"","background-repeat":"repeat","background-position":"center center","background-size":"auto","background-attachment":"scroll","background-type":"","background-media":"","overlay-type":"","overlay-color":"","overlay-opacity":"","overlay-gradient":""},"tablet":{"background-color":"","background-image":"","background-repeat":"repeat","background-position":"center center","background-size":"auto","background-attachment":"scroll","background-type":"","background-media":"","overlay-type":"","overlay-color":"","overlay-opacity":"","overlay-gradient":""},"mobile":{"background-color":"","background-image":"","background-repeat":"repeat","background-position":"center center","background-size":"auto","background-attachment":"scroll","background-type":"","background-media":"","overlay-type":"","overlay-color":"","overlay-opacity":"","overlay-gradient":""}},"ast-content-background-meta":{"desktop":{"background-color":"var(--ast-global-color-4)","background-image":"","background-repeat":"repeat","background-position":"center center","background-size":"auto","background-attachment":"scroll","background-type":"","background-media":"","overlay-type":"","overlay-color":"","overlay-opacity":"","overlay-gradient":""},"tablet":{"background-color":"var(--ast-global-color-4)","background-image":"","background-repeat":"repeat","background-position":"center center","background-size":"auto","background-attachment":"scroll","background-type":"","background-media":"","overlay-type":"","overlay-color":"","overlay-opacity":"","overlay-gradient":""},"mobile":{"background-color":"var(--ast-global-color-4)","background-image":"","background-repeat":"repeat","background-position":"center center","background-size":"auto","background-attachment":"scroll","background-type":"","background-media":"","overlay-type":"","overlay-color":"","overlay-opacity":"","overlay-gradient":""}},"_joinchat":[]},"product_brand":[],"product_cat":[27],"product_tag":[],"class_list":{"0":"post-312","1":"product","2":"type-product","3":"status-publish","4":"has-post-thumbnail","6":"product_cat-bebidas","7":"desktop-align-left","8":"tablet-align-left","9":"mobile-align-left","11":"first","12":"instock","13":"taxable","14":"shipping-taxable","15":"purchasable","16":"product-type-variable"},"_links":{"self":[{"href":"https:\/\/fuxiononline.com.co\/index.php\/wp-json\/wp\/v2\/product\/312","targetHints":{"allow":["GET"]}}],"collection":[{"href":"https:\/\/fuxiononline.com.co\/index.php\/wp-json\/wp\/v2\/product"}],"about":[{"href":"https:\/\/fuxiononline.com.co\/index.php\/wp-json\/wp\/v2\/types\/product"}],"replies":[{"embeddable":true,"href":"https:\/\/fuxiononline.com.co\/index.php\/wp-json\/wp\/v2\/comments?post=312"}],"wp:featuredmedia":[{"embeddable":true,"href":"https:\/\/fuxiononline.com.co\/index.php\/wp-json\/wp\/v2\/media\/208"}],"wp:attachment":[{"href":"https:\/\/fuxiononline.com.co\/index.php\/wp-json\/wp\/v2\/media?parent=312"}],"wp:term":[{"taxonomy":"product_brand","embeddable":true,"href":"https:\/\/fuxiononline.com.co\/index.php\/wp-json\/wp\/v2\/product_brand?post=312"},{"taxonomy":"product_cat","embeddable":true,"href":"https:\/\/fuxiononline.com.co\/index.php\/wp-json\/wp\/v2\/product_cat?post=312"},{"taxonomy":"product_tag","embeddable":true,"href":"https:\/\/fuxiononline.com.co\/index.php\/wp-json\/wp\/v2\/product_tag?post=312"}],"curies":[{"name":"wp","href":"https:\/\/api.w.org\/{rel}","templated":true}]}}