{"id":316,"date":"2025-02-14T01:53:00","date_gmt":"2025-02-14T01:53:00","guid":{"rendered":"https:\/\/fuxiononline.com.co\/?post_type=product&#038;p=316"},"modified":"2025-02-14T01:53:00","modified_gmt":"2025-02-14T01:53:00","slug":"bioprotect","status":"publish","type":"product","link":"https:\/\/fuxiononline.com.co\/index.php\/producto\/bioprotect\/","title":{"rendered":"BIOPRO+TECT"},"content":{"rendered":"<p>Nutrici\u00f3n y protecci\u00f3n inmunol\u00f3gica del m\u00e1s alto nivel+<\/p>\n<p>BIOPROTEIN CONCOLOSTRUM\u00ae (PROTE\u00cdNA DE CALOSTRO BOVINO + PROTE\u00cdNA AISLADA DE SUERO L\u00c1CTEO+ PROTE\u00cdNA DE SOYA+ PROTE\u00cdNA DE ALB\u00daMINA DE HUEVO) + BIOFERRIN\u00ae + AMINO\u00c1CIDOS (L-CREATINA+ L-GLUTAMINA)+ CALCIOL\u00c1CTEO+ DHA Y ARA<\/p>\n<p><strong>SABOR Vainilla Francesa<\/strong><\/p>\n<ul>\n<li>Prote\u00edna de la m\u00e1s alta calidad patentada por FuXion\u00ae que asegura el 100%de biodisponibilidad de las<br \/>\nprote\u00ednas consumidas.<\/li>\n<li>Complemento que act\u00faa como factor inmunol\u00f3gico yde<br \/>\ncrecimiento.<\/li>\n<li>Activa y potencia el sistema de defensas del organismo debido a que est\u00e1 enriquecido con lactoferrina (agente anti- microbiano natural).<\/li>\n<li>Mejora el desempe\u00f1o de las c\u00e9lulas cerebrales.<\/li>\n<li>Eleva cualitativa y cuantitativamente el perfil proteico de la dieta diaria.<\/li>\n<li>Mejora los procesos de regeneraci\u00f3n celular.<\/li>\n<li>Eleva la resistencia a las enfermedades.<\/li>\n<li>Mejora el desempe\u00f1o f\u00edsico y promueve la recuperaci\u00f3n muscular.<\/li>\n<li>Fortalece los huesos, m\u00fasculos y cerebro.<\/li>\n<\/ul>\n","protected":false},"excerpt":{"rendered":"<p>Nutrici\u00f3n y protecci\u00f3n inmunol\u00f3gica del m\u00e1s alto nivel+ BIOPROTEIN CONCOLOSTRUM\u00ae (PROTE\u00cdNA DE CALOSTRO BOVINO + PROTE\u00cdNA AISLADA DE SUERO L\u00c1CTEO+ [&hellip;]<\/p>\n","protected":false},"featured_media":211,"comment_status":"open","ping_status":"closed","template":"","meta":{"site-sidebar-layout":"default","site-content-layout":"","ast-site-content-layout":"default","site-content-style":"default","site-sidebar-style":"default","ast-global-header-display":"","ast-banner-title-visibility":"","ast-main-header-display":"","ast-hfb-above-header-display":"","ast-hfb-below-header-display":"","ast-hfb-mobile-header-display":"","site-post-title":"","ast-breadcrumbs-content":"","ast-featured-img":"","footer-sml-layout":"","theme-transparent-header-meta":"default","adv-header-id-meta":"","stick-header-meta":"","header-above-stick-meta":"","header-main-stick-meta":"","header-below-stick-meta":"","astra-migrate-meta-layouts":"set","ast-page-background-enabled":"default","ast-page-background-meta":{"desktop":{"background-color":"var(--ast-global-color-5)","background-image":"","background-repeat":"repeat","background-position":"center center","background-size":"auto","background-attachment":"scroll","background-type":"","background-media":"","overlay-type":"","overlay-color":"","overlay-opacity":"","overlay-gradient":""},"tablet":{"background-color":"","background-image":"","background-repeat":"repeat","background-position":"center center","background-size":"auto","background-attachment":"scroll","background-type":"","background-media":"","overlay-type":"","overlay-color":"","overlay-opacity":"","overlay-gradient":""},"mobile":{"background-color":"","background-image":"","background-repeat":"repeat","background-position":"center center","background-size":"auto","background-attachment":"scroll","background-type":"","background-media":"","overlay-type":"","overlay-color":"","overlay-opacity":"","overlay-gradient":""}},"ast-content-background-meta":{"desktop":{"background-color":"var(--ast-global-color-4)","background-image":"","background-repeat":"repeat","background-position":"center center","background-size":"auto","background-attachment":"scroll","background-type":"","background-media":"","overlay-type":"","overlay-color":"","overlay-opacity":"","overlay-gradient":""},"tablet":{"background-color":"var(--ast-global-color-4)","background-image":"","background-repeat":"repeat","background-position":"center center","background-size":"auto","background-attachment":"scroll","background-type":"","background-media":"","overlay-type":"","overlay-color":"","overlay-opacity":"","overlay-gradient":""},"mobile":{"background-color":"var(--ast-global-color-4)","background-image":"","background-repeat":"repeat","background-position":"center center","background-size":"auto","background-attachment":"scroll","background-type":"","background-media":"","overlay-type":"","overlay-color":"","overlay-opacity":"","overlay-gradient":""}},"_joinchat":[]},"product_brand":[],"product_cat":[27],"product_tag":[],"class_list":{"0":"post-316","1":"product","2":"type-product","3":"status-publish","4":"has-post-thumbnail","6":"product_cat-bebidas","7":"desktop-align-left","8":"tablet-align-left","9":"mobile-align-left","11":"first","12":"instock","13":"taxable","14":"shipping-taxable","15":"purchasable","16":"product-type-variable"},"_links":{"self":[{"href":"https:\/\/fuxiononline.com.co\/index.php\/wp-json\/wp\/v2\/product\/316","targetHints":{"allow":["GET"]}}],"collection":[{"href":"https:\/\/fuxiononline.com.co\/index.php\/wp-json\/wp\/v2\/product"}],"about":[{"href":"https:\/\/fuxiononline.com.co\/index.php\/wp-json\/wp\/v2\/types\/product"}],"replies":[{"embeddable":true,"href":"https:\/\/fuxiononline.com.co\/index.php\/wp-json\/wp\/v2\/comments?post=316"}],"wp:featuredmedia":[{"embeddable":true,"href":"https:\/\/fuxiononline.com.co\/index.php\/wp-json\/wp\/v2\/media\/211"}],"wp:attachment":[{"href":"https:\/\/fuxiononline.com.co\/index.php\/wp-json\/wp\/v2\/media?parent=316"}],"wp:term":[{"taxonomy":"product_brand","embeddable":true,"href":"https:\/\/fuxiononline.com.co\/index.php\/wp-json\/wp\/v2\/product_brand?post=316"},{"taxonomy":"product_cat","embeddable":true,"href":"https:\/\/fuxiononline.com.co\/index.php\/wp-json\/wp\/v2\/product_cat?post=316"},{"taxonomy":"product_tag","embeddable":true,"href":"https:\/\/fuxiononline.com.co\/index.php\/wp-json\/wp\/v2\/product_tag?post=316"}],"curies":[{"name":"wp","href":"https:\/\/api.w.org\/{rel}","templated":true}]}}