{"id":320,"date":"2025-02-14T01:55:01","date_gmt":"2025-02-14T01:55:01","guid":{"rendered":"https:\/\/fuxiononline.com.co\/?post_type=product&#038;p=320"},"modified":"2025-02-14T01:55:01","modified_gmt":"2025-02-14T01:55:01","slug":"biopro-x-active","status":"publish","type":"product","link":"https:\/\/fuxiononline.com.co\/index.php\/producto\/biopro-x-active\/","title":{"rendered":"BIOPRO X ACTIVE"},"content":{"rendered":"<p>Nutrici\u00f3n y protecci\u00f3n del m\u00e1s alto nivel con una prote\u00edna 100% vegetal<\/p>\n<p>BIOPROTEIN ACTIVE\u00ae (AMINO\u00c1CIDOS + ENZIMAS + VITAMINASY CALCIO+ CROMO Y ZINC EN MOL\u00c9CULAORG\u00c1NICA) + PROTE\u00cdNA DEQUINUA GERMINADA + PROTE\u00cdNA DE ARROZ INTEGRAL GERMINADO+ PROTE\u00cdNA DEARVEJA + PROTE\u00cdNA DEALGAS + AMINO\u00c1CIDOS + DHAY ARA + ACEITEDE COCO<\/p>\n<p>SABORES Vainilla y Canela, Chocolate con Avellanas<\/p>\n<ul>\n<li>Asimilaci\u00f3n \u00f3ptima de los amino\u00e1cidos esenciales que le permite al cuerpo regenerar los tejidos en menor tiempo.<\/li>\n<li>Eleva cualitativa y cuantitativamente el perfil proteico de la dieta diaria de forma m\u00e1s eficaz<\/li>\n<li>Protege de manera m\u00e1s efectiva el sistema inmunol\u00f3gico, la defensa antioxidante y el trabajo cerebral.<\/li>\n<li>Prote\u00edna 100% vegetal libre de al\u00e9rgenos que puede ser consumida por personas de cualquier edad y condici\u00f3n f\u00edsica.<\/li>\n<\/ul>\n","protected":false},"excerpt":{"rendered":"<p>Nutrici\u00f3n y protecci\u00f3n del m\u00e1s alto nivel con una prote\u00edna 100% vegetal BIOPROTEIN ACTIVE\u00ae (AMINO\u00c1CIDOS + ENZIMAS + VITAMINASY CALCIO+ [&hellip;]<\/p>\n","protected":false},"featured_media":212,"comment_status":"open","ping_status":"closed","template":"","meta":{"site-sidebar-layout":"default","site-content-layout":"","ast-site-content-layout":"default","site-content-style":"default","site-sidebar-style":"default","ast-global-header-display":"","ast-banner-title-visibility":"","ast-main-header-display":"","ast-hfb-above-header-display":"","ast-hfb-below-header-display":"","ast-hfb-mobile-header-display":"","site-post-title":"","ast-breadcrumbs-content":"","ast-featured-img":"","footer-sml-layout":"","theme-transparent-header-meta":"default","adv-header-id-meta":"","stick-header-meta":"","header-above-stick-meta":"","header-main-stick-meta":"","header-below-stick-meta":"","astra-migrate-meta-layouts":"set","ast-page-background-enabled":"default","ast-page-background-meta":{"desktop":{"background-color":"var(--ast-global-color-5)","background-image":"","background-repeat":"repeat","background-position":"center center","background-size":"auto","background-attachment":"scroll","background-type":"","background-media":"","overlay-type":"","overlay-color":"","overlay-opacity":"","overlay-gradient":""},"tablet":{"background-color":"","background-image":"","background-repeat":"repeat","background-position":"center center","background-size":"auto","background-attachment":"scroll","background-type":"","background-media":"","overlay-type":"","overlay-color":"","overlay-opacity":"","overlay-gradient":""},"mobile":{"background-color":"","background-image":"","background-repeat":"repeat","background-position":"center center","background-size":"auto","background-attachment":"scroll","background-type":"","background-media":"","overlay-type":"","overlay-color":"","overlay-opacity":"","overlay-gradient":""}},"ast-content-background-meta":{"desktop":{"background-color":"var(--ast-global-color-4)","background-image":"","background-repeat":"repeat","background-position":"center center","background-size":"auto","background-attachment":"scroll","background-type":"","background-media":"","overlay-type":"","overlay-color":"","overlay-opacity":"","overlay-gradient":""},"tablet":{"background-color":"var(--ast-global-color-4)","background-image":"","background-repeat":"repeat","background-position":"center center","background-size":"auto","background-attachment":"scroll","background-type":"","background-media":"","overlay-type":"","overlay-color":"","overlay-opacity":"","overlay-gradient":""},"mobile":{"background-color":"var(--ast-global-color-4)","background-image":"","background-repeat":"repeat","background-position":"center center","background-size":"auto","background-attachment":"scroll","background-type":"","background-media":"","overlay-type":"","overlay-color":"","overlay-opacity":"","overlay-gradient":""}},"_joinchat":[]},"product_brand":[],"product_cat":[27],"product_tag":[],"class_list":{"0":"post-320","1":"product","2":"type-product","3":"status-publish","4":"has-post-thumbnail","6":"product_cat-bebidas","7":"desktop-align-left","8":"tablet-align-left","9":"mobile-align-left","11":"first","12":"instock","13":"taxable","14":"shipping-taxable","15":"purchasable","16":"product-type-variable"},"_links":{"self":[{"href":"https:\/\/fuxiononline.com.co\/index.php\/wp-json\/wp\/v2\/product\/320","targetHints":{"allow":["GET"]}}],"collection":[{"href":"https:\/\/fuxiononline.com.co\/index.php\/wp-json\/wp\/v2\/product"}],"about":[{"href":"https:\/\/fuxiononline.com.co\/index.php\/wp-json\/wp\/v2\/types\/product"}],"replies":[{"embeddable":true,"href":"https:\/\/fuxiononline.com.co\/index.php\/wp-json\/wp\/v2\/comments?post=320"}],"wp:featuredmedia":[{"embeddable":true,"href":"https:\/\/fuxiononline.com.co\/index.php\/wp-json\/wp\/v2\/media\/212"}],"wp:attachment":[{"href":"https:\/\/fuxiononline.com.co\/index.php\/wp-json\/wp\/v2\/media?parent=320"}],"wp:term":[{"taxonomy":"product_brand","embeddable":true,"href":"https:\/\/fuxiononline.com.co\/index.php\/wp-json\/wp\/v2\/product_brand?post=320"},{"taxonomy":"product_cat","embeddable":true,"href":"https:\/\/fuxiononline.com.co\/index.php\/wp-json\/wp\/v2\/product_cat?post=320"},{"taxonomy":"product_tag","embeddable":true,"href":"https:\/\/fuxiononline.com.co\/index.php\/wp-json\/wp\/v2\/product_tag?post=320"}],"curies":[{"name":"wp","href":"https:\/\/api.w.org\/{rel}","templated":true}]}}