{"id":335,"date":"2025-02-14T14:30:24","date_gmt":"2025-02-14T14:30:24","guid":{"rendered":"https:\/\/fuxiononline.com.co\/?post_type=product&#038;p=335"},"modified":"2025-02-14T14:30:31","modified_gmt":"2025-02-14T14:30:31","slug":"ganomas-cappuccino","status":"publish","type":"product","link":"https:\/\/fuxiononline.com.co\/index.php\/producto\/ganomas-cappuccino\/","title":{"rendered":"GANOM\u00c1S CAPPUCCINO"},"content":{"rendered":"<p>\u00a1Tu salud gana m\u00e1s con Ganom\u00e1s!<\/p>\n<p>EXTRACTO DE GANODERMA LUCIDUM+ QUILLAY + MICRONUTRIENTES<\/p>\n<p><strong>SABOR Caf\u00e9 Cappuccino\u00a0<\/strong><\/p>\n<ul>\n<li>Deliciosa bebida elaborada con extracto de Ganoderma Lucidum,hongo silvestre de Asia, que posee propiedades anti-inflamatorias y anti-tumorales.<\/li>\n<li>Previene la proliferaci\u00f3n de c\u00e9lulas malignas.<\/li>\n<li>Contribuye a mejorarla circulaci\u00f3n sangu\u00ednea, la hipertensi\u00f3n y el colesterol.<\/li>\n<li>Mejora la defensa antioxidante y previene infecciones.<\/li>\n<li>Protege y regenera el h\u00edgado.<\/li>\n<li>Regula y refuerza el sistema inmunol\u00f3gico.<\/li>\n<li>Reduce el da\u00f1o oxidativo, considerado la causa principal de las enfermedades degenerativas.<\/li>\n<\/ul>\n","protected":false},"excerpt":{"rendered":"<p>\u00a1Tu salud gana m\u00e1s con Ganom\u00e1s! EXTRACTO DE GANODERMA LUCIDUM+ QUILLAY + MICRONUTRIENTES SABOR Caf\u00e9 Cappuccino\u00a0 Deliciosa bebida elaborada con [&hellip;]<\/p>\n","protected":false},"featured_media":186,"comment_status":"open","ping_status":"closed","template":"","meta":{"site-sidebar-layout":"default","site-content-layout":"","ast-site-content-layout":"default","site-content-style":"default","site-sidebar-style":"default","ast-global-header-display":"","ast-banner-title-visibility":"","ast-main-header-display":"","ast-hfb-above-header-display":"","ast-hfb-below-header-display":"","ast-hfb-mobile-header-display":"","site-post-title":"","ast-breadcrumbs-content":"","ast-featured-img":"","footer-sml-layout":"","theme-transparent-header-meta":"default","adv-header-id-meta":"","stick-header-meta":"","header-above-stick-meta":"","header-main-stick-meta":"","header-below-stick-meta":"","astra-migrate-meta-layouts":"set","ast-page-background-enabled":"default","ast-page-background-meta":{"desktop":{"background-color":"var(--ast-global-color-5)","background-image":"","background-repeat":"repeat","background-position":"center center","background-size":"auto","background-attachment":"scroll","background-type":"","background-media":"","overlay-type":"","overlay-color":"","overlay-opacity":"","overlay-gradient":""},"tablet":{"background-color":"","background-image":"","background-repeat":"repeat","background-position":"center center","background-size":"auto","background-attachment":"scroll","background-type":"","background-media":"","overlay-type":"","overlay-color":"","overlay-opacity":"","overlay-gradient":""},"mobile":{"background-color":"","background-image":"","background-repeat":"repeat","background-position":"center center","background-size":"auto","background-attachment":"scroll","background-type":"","background-media":"","overlay-type":"","overlay-color":"","overlay-opacity":"","overlay-gradient":""}},"ast-content-background-meta":{"desktop":{"background-color":"var(--ast-global-color-4)","background-image":"","background-repeat":"repeat","background-position":"center center","background-size":"auto","background-attachment":"scroll","background-type":"","background-media":"","overlay-type":"","overlay-color":"","overlay-opacity":"","overlay-gradient":""},"tablet":{"background-color":"var(--ast-global-color-4)","background-image":"","background-repeat":"repeat","background-position":"center center","background-size":"auto","background-attachment":"scroll","background-type":"","background-media":"","overlay-type":"","overlay-color":"","overlay-opacity":"","overlay-gradient":""},"mobile":{"background-color":"var(--ast-global-color-4)","background-image":"","background-repeat":"repeat","background-position":"center center","background-size":"auto","background-attachment":"scroll","background-type":"","background-media":"","overlay-type":"","overlay-color":"","overlay-opacity":"","overlay-gradient":""}},"_joinchat":[]},"product_brand":[],"product_cat":[27],"product_tag":[],"class_list":{"0":"post-335","1":"product","2":"type-product","3":"status-publish","4":"has-post-thumbnail","6":"product_cat-bebidas","7":"desktop-align-left","8":"tablet-align-left","9":"mobile-align-left","11":"first","12":"instock","13":"taxable","14":"shipping-taxable","15":"purchasable","16":"product-type-variable"},"_links":{"self":[{"href":"https:\/\/fuxiononline.com.co\/index.php\/wp-json\/wp\/v2\/product\/335","targetHints":{"allow":["GET"]}}],"collection":[{"href":"https:\/\/fuxiononline.com.co\/index.php\/wp-json\/wp\/v2\/product"}],"about":[{"href":"https:\/\/fuxiononline.com.co\/index.php\/wp-json\/wp\/v2\/types\/product"}],"replies":[{"embeddable":true,"href":"https:\/\/fuxiononline.com.co\/index.php\/wp-json\/wp\/v2\/comments?post=335"}],"wp:featuredmedia":[{"embeddable":true,"href":"https:\/\/fuxiononline.com.co\/index.php\/wp-json\/wp\/v2\/media\/186"}],"wp:attachment":[{"href":"https:\/\/fuxiononline.com.co\/index.php\/wp-json\/wp\/v2\/media?parent=335"}],"wp:term":[{"taxonomy":"product_brand","embeddable":true,"href":"https:\/\/fuxiononline.com.co\/index.php\/wp-json\/wp\/v2\/product_brand?post=335"},{"taxonomy":"product_cat","embeddable":true,"href":"https:\/\/fuxiononline.com.co\/index.php\/wp-json\/wp\/v2\/product_cat?post=335"},{"taxonomy":"product_tag","embeddable":true,"href":"https:\/\/fuxiononline.com.co\/index.php\/wp-json\/wp\/v2\/product_tag?post=335"}],"curies":[{"name":"wp","href":"https:\/\/api.w.org\/{rel}","templated":true}]}}