{"id":443,"date":"2025-11-06T02:27:41","date_gmt":"2025-11-06T02:27:41","guid":{"rendered":"https:\/\/fuxiononline.com.co\/index.php\/producto\/deportivo-on-y27\/"},"modified":"2025-11-06T02:27:43","modified_gmt":"2025-11-06T02:27:43","slug":"deportivo-on-y27","status":"publish","type":"product","link":"https:\/\/fuxiononline.com.co\/index.php\/producto\/deportivo-on-y27\/","title":{"rendered":"DEPORTIVO ON Y27"},"content":{"rendered":"<p>Tenis deportivo moderno nacional Material Combinaci\u00f3n de malla transpirable y detalles sinteticos lo que garantiza frescura ligereza y resistencia Tecnologia de suela CloudTec PVC dise\u00f1ada con una estructura segmentada que mejora la amortiguaci\u00f3n y la flexibilidad ideal para correr o caminar largas distancias Plantilla Acolchada y anat\u00f3mica que se adapta al pie para mayor comodidad durante el movimiento Cierre Cordones con dise\u00f1o ajustable y detalles decorativos que le a\u00f1aden un toque moderno Estilo Deportivo con enfoque en alto rendimiento perfecto tanto para el entrenamiento como para un look urbano casual Uso Adecuado para deportes caminatas y actividades cotidianas combinando funcionalidad y moda Colores disponibles todo negro todo blanco negro suela blanca.<\/p>\n","protected":false},"excerpt":{"rendered":"<p>Tenis deportivo moderno nacional Material Combinaci\u00f3n de malla transpirable y detalles sinteticos lo que garantiza frescura ligereza y resistencia Tecnologia [&hellip;]<\/p>\n","protected":false},"featured_media":471,"comment_status":"open","ping_status":"closed","template":"","meta":{"site-sidebar-layout":"default","site-content-layout":"","ast-site-content-layout":"","site-content-style":"default","site-sidebar-style":"default","ast-global-header-display":"","ast-banner-title-visibility":"","ast-main-header-display":"","ast-hfb-above-header-display":"","ast-hfb-below-header-display":"","ast-hfb-mobile-header-display":"","site-post-title":"","ast-breadcrumbs-content":"","ast-featured-img":"","footer-sml-layout":"","theme-transparent-header-meta":"","adv-header-id-meta":"","stick-header-meta":"","header-above-stick-meta":"","header-main-stick-meta":"","header-below-stick-meta":"","astra-migrate-meta-layouts":"default","ast-page-background-enabled":"default","ast-page-background-meta":{"desktop":{"background-color":"var(--ast-global-color-5)","background-image":"","background-repeat":"repeat","background-position":"center center","background-size":"auto","background-attachment":"scroll","background-type":"","background-media":"","overlay-type":"","overlay-color":"","overlay-opacity":"","overlay-gradient":""},"tablet":{"background-color":"","background-image":"","background-repeat":"repeat","background-position":"center center","background-size":"auto","background-attachment":"scroll","background-type":"","background-media":"","overlay-type":"","overlay-color":"","overlay-opacity":"","overlay-gradient":""},"mobile":{"background-color":"","background-image":"","background-repeat":"repeat","background-position":"center center","background-size":"auto","background-attachment":"scroll","background-type":"","background-media":"","overlay-type":"","overlay-color":"","overlay-opacity":"","overlay-gradient":""}},"ast-content-background-meta":{"desktop":{"background-color":"var(--ast-global-color-4)","background-image":"","background-repeat":"repeat","background-position":"center center","background-size":"auto","background-attachment":"scroll","background-type":"","background-media":"","overlay-type":"","overlay-color":"","overlay-opacity":"","overlay-gradient":""},"tablet":{"background-color":"var(--ast-global-color-4)","background-image":"","background-repeat":"repeat","background-position":"center center","background-size":"auto","background-attachment":"scroll","background-type":"","background-media":"","overlay-type":"","overlay-color":"","overlay-opacity":"","overlay-gradient":""},"mobile":{"background-color":"var(--ast-global-color-4)","background-image":"","background-repeat":"repeat","background-position":"center center","background-size":"auto","background-attachment":"scroll","background-type":"","background-media":"","overlay-type":"","overlay-color":"","overlay-opacity":"","overlay-gradient":""}},"_joinchat":[]},"product_brand":[],"product_cat":[29],"product_tag":[],"class_list":{"0":"post-443","1":"product","2":"type-product","3":"status-publish","4":"has-post-thumbnail","6":"product_cat-calzado-deportivo","7":"desktop-align-left","8":"tablet-align-left","9":"mobile-align-left","11":"first","12":"instock","13":"taxable","14":"shipping-taxable","15":"purchasable","16":"product-type-variable"},"_links":{"self":[{"href":"https:\/\/fuxiononline.com.co\/index.php\/wp-json\/wp\/v2\/product\/443","targetHints":{"allow":["GET"]}}],"collection":[{"href":"https:\/\/fuxiononline.com.co\/index.php\/wp-json\/wp\/v2\/product"}],"about":[{"href":"https:\/\/fuxiononline.com.co\/index.php\/wp-json\/wp\/v2\/types\/product"}],"replies":[{"embeddable":true,"href":"https:\/\/fuxiononline.com.co\/index.php\/wp-json\/wp\/v2\/comments?post=443"}],"wp:featuredmedia":[{"embeddable":true,"href":"https:\/\/fuxiononline.com.co\/index.php\/wp-json\/wp\/v2\/media\/471"}],"wp:attachment":[{"href":"https:\/\/fuxiononline.com.co\/index.php\/wp-json\/wp\/v2\/media?parent=443"}],"wp:term":[{"taxonomy":"product_brand","embeddable":true,"href":"https:\/\/fuxiononline.com.co\/index.php\/wp-json\/wp\/v2\/product_brand?post=443"},{"taxonomy":"product_cat","embeddable":true,"href":"https:\/\/fuxiononline.com.co\/index.php\/wp-json\/wp\/v2\/product_cat?post=443"},{"taxonomy":"product_tag","embeddable":true,"href":"https:\/\/fuxiononline.com.co\/index.php\/wp-json\/wp\/v2\/product_tag?post=443"}],"curies":[{"name":"wp","href":"https:\/\/api.w.org\/{rel}","templated":true}]}}